{"id":1699,"date":"2020-06-22T11:04:49","date_gmt":"2020-06-22T09:04:49","guid":{"rendered":"https:\/\/hu.andersenlegal.com\/?page_id=1699"},"modified":"2021-12-03T16:37:55","modified_gmt":"2021-12-03T15:37:55","slug":"esemenyek","status":"publish","type":"page","link":"https:\/\/hu.andersenlegal.com\/hu\/esemenyek\/","title":{"rendered":"Esem\u00e9nyek"},"content":{"rendered":"\n","protected":false},"excerpt":{"rendered":"<\/p>\n","protected":false},"author":104,"featured_media":2477,"parent":0,"menu_order":0,"comment_status":"closed","ping_status":"closed","template":"templates\/page_inner_services.php","meta":{"_acf_changed":false,"_genesis_hide_title":false,"_genesis_hide_breadcrumbs":false,"_genesis_hide_singular_image":false,"_genesis_hide_footer_widgets":false,"_genesis_custom_body_class":"","_genesis_custom_post_class":"","_genesis_layout":"","footnotes":""},"class_list":{"0":"post-1699","1":"page","2":"type-page","3":"status-publish","4":"has-post-thumbnail","6":"entry"},"acf":[],"featured_image_src":"https:\/\/hu.andersenlegal.com\/wp-content\/uploads\/2021\/12\/09-events-dark.jpg","yoast_head":"<!-- This site is optimized with the Yoast SEO Premium plugin v27.4 (Yoast SEO v27.4) - https:\/\/yoast.com\/product\/yoast-seo-premium-wordpress\/ -->\n<title>Esem\u00e9nyek - Andersen Legal in Hungary<\/title>\n<meta name=\"robots\" content=\"index, follow, max-snippet:-1, max-image-preview:large, max-video-preview:-1\" \/>\n<link rel=\"canonical\" href=\"https:\/\/hu.andersenlegal.com\/hu\/esemenyek\/\" \/>\n<meta property=\"og:locale\" content=\"hu_HU\" \/>\n<meta property=\"og:type\" content=\"article\" \/>\n<meta property=\"og:title\" content=\"Esem\u00e9nyek\" \/>\n<meta property=\"og:url\" content=\"https:\/\/hu.andersenlegal.com\/hu\/esemenyek\/\" \/>\n<meta property=\"og:site_name\" content=\"Andersen Legal in Hungary\" \/>\n<meta property=\"article:modified_time\" content=\"2021-12-03T15:37:55+00:00\" \/>\n<meta property=\"og:image\" content=\"https:\/\/hu.andersenlegal.com\/wp-content\/uploads\/2021\/12\/09-events-dark.jpg\" \/>\n\t<meta property=\"og:image:width\" content=\"1170\" \/>\n\t<meta property=\"og:image:height\" content=\"270\" \/>\n\t<meta property=\"og:image:type\" content=\"image\/jpeg\" \/>\n<meta name=\"twitter:card\" content=\"summary_large_image\" \/>\n<meta name=\"twitter:label1\" content=\"Becs\u00fclt olvas\u00e1si id\u0151\" \/>\n\t<meta name=\"twitter:data1\" content=\"1 perc\" \/>\n<script type=\"application\/ld+json\" class=\"yoast-schema-graph\">{\"@context\":\"https:\\\/\\\/schema.org\",\"@graph\":[{\"@type\":\"WebPage\",\"@id\":\"https:\\\/\\\/hu.andersenlegal.com\\\/hu\\\/esemenyek\\\/\",\"url\":\"https:\\\/\\\/hu.andersenlegal.com\\\/hu\\\/esemenyek\\\/\",\"name\":\"Esem\u00e9nyek - Andersen Legal in Hungary\",\"isPartOf\":{\"@id\":\"https:\\\/\\\/hu.andersenlegal.com\\\/hu\\\/#website\"},\"primaryImageOfPage\":{\"@id\":\"https:\\\/\\\/hu.andersenlegal.com\\\/hu\\\/esemenyek\\\/#primaryimage\"},\"image\":{\"@id\":\"https:\\\/\\\/hu.andersenlegal.com\\\/hu\\\/esemenyek\\\/#primaryimage\"},\"thumbnailUrl\":\"https:\\\/\\\/hu.andersenlegal.com\\\/wp-content\\\/uploads\\\/2021\\\/12\\\/09-events-dark.jpg\",\"datePublished\":\"2020-06-22T09:04:49+00:00\",\"dateModified\":\"2021-12-03T15:37:55+00:00\",\"breadcrumb\":{\"@id\":\"https:\\\/\\\/hu.andersenlegal.com\\\/hu\\\/esemenyek\\\/#breadcrumb\"},\"inLanguage\":\"hu\",\"potentialAction\":[{\"@type\":\"ReadAction\",\"target\":[\"https:\\\/\\\/hu.andersenlegal.com\\\/hu\\\/esemenyek\\\/\"]}]},{\"@type\":\"ImageObject\",\"inLanguage\":\"hu\",\"@id\":\"https:\\\/\\\/hu.andersenlegal.com\\\/hu\\\/esemenyek\\\/#primaryimage\",\"url\":\"https:\\\/\\\/hu.andersenlegal.com\\\/wp-content\\\/uploads\\\/2021\\\/12\\\/09-events-dark.jpg\",\"contentUrl\":\"https:\\\/\\\/hu.andersenlegal.com\\\/wp-content\\\/uploads\\\/2021\\\/12\\\/09-events-dark.jpg\",\"width\":1170,\"height\":270},{\"@type\":\"BreadcrumbList\",\"@id\":\"https:\\\/\\\/hu.andersenlegal.com\\\/hu\\\/esemenyek\\\/#breadcrumb\",\"itemListElement\":[{\"@type\":\"ListItem\",\"position\":1,\"name\":\"Home\",\"item\":\"https:\\\/\\\/hu.andersenlegal.com\\\/hu\\\/\"},{\"@type\":\"ListItem\",\"position\":2,\"name\":\"Esem\u00e9nyek\"}]},{\"@type\":\"WebSite\",\"@id\":\"https:\\\/\\\/hu.andersenlegal.com\\\/hu\\\/#website\",\"url\":\"https:\\\/\\\/hu.andersenlegal.com\\\/hu\\\/\",\"name\":\"Andersen Legal in Hungary\",\"description\":\"\",\"potentialAction\":[{\"@type\":\"SearchAction\",\"target\":{\"@type\":\"EntryPoint\",\"urlTemplate\":\"https:\\\/\\\/hu.andersenlegal.com\\\/hu\\\/?s={search_term_string}\"},\"query-input\":{\"@type\":\"PropertyValueSpecification\",\"valueRequired\":true,\"valueName\":\"search_term_string\"}}],\"inLanguage\":\"hu\"}]}<\/script>\n<!-- \/ Yoast SEO Premium plugin. -->","yoast_head_json":{"title":"Esem\u00e9nyek - Andersen Legal in Hungary","robots":{"index":"index","follow":"follow","max-snippet":"max-snippet:-1","max-image-preview":"max-image-preview:large","max-video-preview":"max-video-preview:-1"},"canonical":"https:\/\/hu.andersenlegal.com\/hu\/esemenyek\/","og_locale":"hu_HU","og_type":"article","og_title":"Esem\u00e9nyek","og_url":"https:\/\/hu.andersenlegal.com\/hu\/esemenyek\/","og_site_name":"Andersen Legal in Hungary","article_modified_time":"2021-12-03T15:37:55+00:00","og_image":[{"width":1170,"height":270,"url":"https:\/\/hu.andersenlegal.com\/wp-content\/uploads\/2021\/12\/09-events-dark.jpg","type":"image\/jpeg"}],"twitter_card":"summary_large_image","twitter_misc":{"Becs\u00fclt olvas\u00e1si id\u0151":"1 perc"},"schema":{"@context":"https:\/\/schema.org","@graph":[{"@type":"WebPage","@id":"https:\/\/hu.andersenlegal.com\/hu\/esemenyek\/","url":"https:\/\/hu.andersenlegal.com\/hu\/esemenyek\/","name":"Esem\u00e9nyek - Andersen Legal in Hungary","isPartOf":{"@id":"https:\/\/hu.andersenlegal.com\/hu\/#website"},"primaryImageOfPage":{"@id":"https:\/\/hu.andersenlegal.com\/hu\/esemenyek\/#primaryimage"},"image":{"@id":"https:\/\/hu.andersenlegal.com\/hu\/esemenyek\/#primaryimage"},"thumbnailUrl":"https:\/\/hu.andersenlegal.com\/wp-content\/uploads\/2021\/12\/09-events-dark.jpg","datePublished":"2020-06-22T09:04:49+00:00","dateModified":"2021-12-03T15:37:55+00:00","breadcrumb":{"@id":"https:\/\/hu.andersenlegal.com\/hu\/esemenyek\/#breadcrumb"},"inLanguage":"hu","potentialAction":[{"@type":"ReadAction","target":["https:\/\/hu.andersenlegal.com\/hu\/esemenyek\/"]}]},{"@type":"ImageObject","inLanguage":"hu","@id":"https:\/\/hu.andersenlegal.com\/hu\/esemenyek\/#primaryimage","url":"https:\/\/hu.andersenlegal.com\/wp-content\/uploads\/2021\/12\/09-events-dark.jpg","contentUrl":"https:\/\/hu.andersenlegal.com\/wp-content\/uploads\/2021\/12\/09-events-dark.jpg","width":1170,"height":270},{"@type":"BreadcrumbList","@id":"https:\/\/hu.andersenlegal.com\/hu\/esemenyek\/#breadcrumb","itemListElement":[{"@type":"ListItem","position":1,"name":"Home","item":"https:\/\/hu.andersenlegal.com\/hu\/"},{"@type":"ListItem","position":2,"name":"Esem\u00e9nyek"}]},{"@type":"WebSite","@id":"https:\/\/hu.andersenlegal.com\/hu\/#website","url":"https:\/\/hu.andersenlegal.com\/hu\/","name":"Andersen Legal in Hungary","description":"","potentialAction":[{"@type":"SearchAction","target":{"@type":"EntryPoint","urlTemplate":"https:\/\/hu.andersenlegal.com\/hu\/?s={search_term_string}"},"query-input":{"@type":"PropertyValueSpecification","valueRequired":true,"valueName":"search_term_string"}}],"inLanguage":"hu"}]}},"_links":{"self":[{"href":"https:\/\/hu.andersenlegal.com\/hu\/wp-json\/wp\/v2\/pages\/1699","targetHints":{"allow":["GET"]}}],"collection":[{"href":"https:\/\/hu.andersenlegal.com\/hu\/wp-json\/wp\/v2\/pages"}],"about":[{"href":"https:\/\/hu.andersenlegal.com\/hu\/wp-json\/wp\/v2\/types\/page"}],"author":[{"embeddable":true,"href":"https:\/\/hu.andersenlegal.com\/hu\/wp-json\/wp\/v2\/users\/104"}],"replies":[{"embeddable":true,"href":"https:\/\/hu.andersenlegal.com\/hu\/wp-json\/wp\/v2\/comments?post=1699"}],"version-history":[{"count":1,"href":"https:\/\/hu.andersenlegal.com\/hu\/wp-json\/wp\/v2\/pages\/1699\/revisions"}],"predecessor-version":[{"id":2474,"href":"https:\/\/hu.andersenlegal.com\/hu\/wp-json\/wp\/v2\/pages\/1699\/revisions\/2474"}],"wp:featuredmedia":[{"embeddable":true,"href":"https:\/\/hu.andersenlegal.com\/hu\/wp-json\/wp\/v2\/media\/2477"}],"wp:attachment":[{"href":"https:\/\/hu.andersenlegal.com\/hu\/wp-json\/wp\/v2\/media?parent=1699"}],"curies":[{"name":"wp","href":"https:\/\/api.w.org\/{rel}","templated":true}]}}