{"id":1707,"date":"2020-06-22T11:11:10","date_gmt":"2020-06-22T09:11:10","guid":{"rendered":"https:\/\/hu.andersenlegal.com\/?page_id=1707"},"modified":"2025-12-01T08:14:10","modified_gmt":"2025-12-01T07:14:10","slug":"globalis-jelenlet","status":"publish","type":"page","link":"https:\/\/hu.andersenlegal.com\/hu\/globalis-jelenlet\/","title":{"rendered":"Glob\u00e1lis jelenl\u00e9t"},"content":{"rendered":"\n<ul class=\"services-list reach\">\n\t\t<div class=\"row\">\n\t\t\t<li class=\"column small-12 medium-6\">\n\t\t\t\t<div class=\"image\">\n\t\t\t\t\t<a href=\"javascript:;\"><img decoding=\"async\" src=\"https:\/\/hu.andersenlegal.com\/wp-content\/themes\/andersen\/assets\/img\/placeholders\/global-reach.png\" alt=\"\" \/><\/a>\n\t\t\t\t<\/div>\n\t\t\t\t<div class=\"text\">\n\t\t\t\t\t<h3 class=\"title\">Global Reach<\/h3>\n\t\t\t\t\t<p>\n\t\t\t\t\t\tAndersen Global\u00ae is an association of legally separate, independent member firms, comprised of <span id=\"num-people-qualifier\"><\/span> <span id=\"num-people\">3,500<\/span> professionals worldwide, <span id=\"num-partners-qualifier\">nearly<\/span> <span id=\"num-partners\">500<\/span> global partners, and a presence in <span id=\"num-locations-qualifier\"><\/span> <span id=\"num-locations\">59<\/span> locations worldwide. Our growth is a byproduct of the outstanding client service delivered by our people, the best professionals in the industry. Our objective isn\u2019t to be the biggest firm, it is to provide best-in-class client services in seamless fashion across the globe.\n\t\t\t\t\t<\/p>\n\t\t\t\t<\/div>\n\t\t\t<\/li>\n\t\t\t<li class=\"column small-12 medium-6\">\n\t\t\t\t<div class=\"image\">\n\t\t\t\t\t<a href=\"javascript:;\"><img decoding=\"async\" src=\"https:\/\/hu.andersenlegal.com\/wp-content\/themes\/andersen\/assets\/img\/placeholders\/client-service.png\" alt=\"\" \/><\/a>\n\t\t\t\t<\/div>\n\t\t\t\t<div class=\"text\">\n\t\t\t\t\t<h3 class=\"title\">Client Service<\/h3>\n\t\t\t\t\t<p>\n\t\t\t\t\t\tOur professionals share a common background and vision and are selected based on quality, like-mindedness, and commitment to client service. Outstanding client service has and will continue to be our top priority.\n\t\t\t\t\t<\/p>\n\t\t\t\t<\/div>\n\t\t\t<\/li>\n\t\t<\/div>\n\t\t<div class=\"row\">\n\t\t\t<li class=\"column small-12 medium-6\">\n\t\t\t\t<div class=\"image\">\n\t\t\t\t\t<a href=\"javascript:;\"><img decoding=\"async\" src=\"https:\/\/hu.andersenlegal.com\/wp-content\/themes\/andersen\/assets\/img\/placeholders\/shared-values.png\" alt=\"\" \/><\/a>\n\t\t\t\t<\/div>\n\t\t\t\t<div class=\"text\">\n\t\t\t\t\t<h3 class=\"title\">Shared Values<\/h3>\n\t\t\t\t\t<p>\n\t\t\t\t\t\tEach and every one of the professionals and member firms that are a part of Andersen Global share our core values ensuring the delivery of best-in-class service in a seamless and consistent manner worldwide.\n\t\t\t\t\t<\/p>\n\t\t\t\t<\/div>\n\t\t\t<\/li>\n\t\t\t<li class=\"column small-12 medium-6\">\n\t\t\t\t<div class=\"image\">\n\t\t\t\t\t<a href=\"javascript:;\"><img decoding=\"async\" src=\"https:\/\/hu.andersenlegal.com\/wp-content\/themes\/andersen\/assets\/img\/placeholders\/one-firm.png\" alt=\"\" \/><\/a>\n\t\t\t\t<\/div>\n\t\t\t\t<div class=\"text\">\n\t\t\t\t\t<h3 class=\"title\">One Firm<\/h3>\n\t\t\t\t\t<p>\n\t\t\t\t\t\tWe are building Andersen Global to create an enduring place \u2013 ONE FIRM where clients across the globe are afforded the best, most comprehensive tax services provided by skilled staff with the highest standards.\n\t\t\t\t\t<\/p>\n\t\t\t\t<\/div>\n\t\t\t<\/li>\n\t\t<\/li>\n\t<\/ul>\n","protected":false},"excerpt":{"rendered":"<\/p>\n","protected":false},"author":104,"featured_media":1945,"parent":0,"menu_order":0,"comment_status":"closed","ping_status":"closed","template":"templates\/page_reach.php","meta":{"_acf_changed":false,"_genesis_hide_title":false,"_genesis_hide_breadcrumbs":false,"_genesis_hide_singular_image":false,"_genesis_hide_footer_widgets":false,"_genesis_custom_body_class":"","_genesis_custom_post_class":"","_genesis_layout":"","footnotes":""},"class_list":{"0":"post-1707","1":"page","2":"type-page","3":"status-publish","4":"has-post-thumbnail","6":"entry"},"acf":[],"featured_image_src":"https:\/\/hu.andersenlegal.com\/wp-content\/uploads\/2020\/07\/slider-inner-reach.jpg","yoast_head":"<!-- This site is optimized with the Yoast SEO Premium plugin v27.4 (Yoast SEO v27.4) - https:\/\/yoast.com\/product\/yoast-seo-premium-wordpress\/ -->\n<title>Glob\u00e1lis jelenl\u00e9t - Andersen Legal in Hungary<\/title>\n<meta name=\"robots\" content=\"index, follow, max-snippet:-1, max-image-preview:large, max-video-preview:-1\" \/>\n<link rel=\"canonical\" href=\"https:\/\/hu.andersenlegal.com\/hu\/globalis-jelenlet\/\" \/>\n<meta property=\"og:locale\" content=\"hu_HU\" \/>\n<meta property=\"og:type\" content=\"article\" \/>\n<meta property=\"og:title\" content=\"Glob\u00e1lis jelenl\u00e9t\" \/>\n<meta property=\"og:url\" content=\"https:\/\/hu.andersenlegal.com\/hu\/globalis-jelenlet\/\" \/>\n<meta property=\"og:site_name\" content=\"Andersen Legal in Hungary\" \/>\n<meta property=\"article:modified_time\" content=\"2025-12-01T07:14:10+00:00\" \/>\n<meta property=\"og:image\" content=\"https:\/\/hu.andersenlegal.com\/wp-content\/uploads\/2020\/07\/slider-inner-reach.jpg\" \/>\n\t<meta property=\"og:image:width\" content=\"2000\" \/>\n\t<meta property=\"og:image:height\" content=\"325\" \/>\n\t<meta property=\"og:image:type\" content=\"image\/jpeg\" \/>\n<meta name=\"twitter:card\" content=\"summary_large_image\" \/>\n<meta name=\"twitter:label1\" content=\"Becs\u00fclt olvas\u00e1si id\u0151\" \/>\n\t<meta name=\"twitter:data1\" content=\"2 perc\" \/>\n<script type=\"application\/ld+json\" class=\"yoast-schema-graph\">{\"@context\":\"https:\\\/\\\/schema.org\",\"@graph\":[{\"@type\":\"WebPage\",\"@id\":\"https:\\\/\\\/hu.andersenlegal.com\\\/hu\\\/globalis-jelenlet\\\/\",\"url\":\"https:\\\/\\\/hu.andersenlegal.com\\\/hu\\\/globalis-jelenlet\\\/\",\"name\":\"Glob\u00e1lis jelenl\u00e9t - Andersen Legal in Hungary\",\"isPartOf\":{\"@id\":\"https:\\\/\\\/hu.andersenlegal.com\\\/hu\\\/#website\"},\"primaryImageOfPage\":{\"@id\":\"https:\\\/\\\/hu.andersenlegal.com\\\/hu\\\/globalis-jelenlet\\\/#primaryimage\"},\"image\":{\"@id\":\"https:\\\/\\\/hu.andersenlegal.com\\\/hu\\\/globalis-jelenlet\\\/#primaryimage\"},\"thumbnailUrl\":\"https:\\\/\\\/hu.andersenlegal.com\\\/wp-content\\\/uploads\\\/2020\\\/07\\\/slider-inner-reach.jpg\",\"datePublished\":\"2020-06-22T09:11:10+00:00\",\"dateModified\":\"2025-12-01T07:14:10+00:00\",\"breadcrumb\":{\"@id\":\"https:\\\/\\\/hu.andersenlegal.com\\\/hu\\\/globalis-jelenlet\\\/#breadcrumb\"},\"inLanguage\":\"hu\",\"potentialAction\":[{\"@type\":\"ReadAction\",\"target\":[\"https:\\\/\\\/hu.andersenlegal.com\\\/hu\\\/globalis-jelenlet\\\/\"]}]},{\"@type\":\"ImageObject\",\"inLanguage\":\"hu\",\"@id\":\"https:\\\/\\\/hu.andersenlegal.com\\\/hu\\\/globalis-jelenlet\\\/#primaryimage\",\"url\":\"https:\\\/\\\/hu.andersenlegal.com\\\/wp-content\\\/uploads\\\/2020\\\/07\\\/slider-inner-reach.jpg\",\"contentUrl\":\"https:\\\/\\\/hu.andersenlegal.com\\\/wp-content\\\/uploads\\\/2020\\\/07\\\/slider-inner-reach.jpg\",\"width\":2000,\"height\":325},{\"@type\":\"BreadcrumbList\",\"@id\":\"https:\\\/\\\/hu.andersenlegal.com\\\/hu\\\/globalis-jelenlet\\\/#breadcrumb\",\"itemListElement\":[{\"@type\":\"ListItem\",\"position\":1,\"name\":\"Home\",\"item\":\"https:\\\/\\\/hu.andersenlegal.com\\\/hu\\\/\"},{\"@type\":\"ListItem\",\"position\":2,\"name\":\"Glob\u00e1lis jelenl\u00e9t\"}]},{\"@type\":\"WebSite\",\"@id\":\"https:\\\/\\\/hu.andersenlegal.com\\\/hu\\\/#website\",\"url\":\"https:\\\/\\\/hu.andersenlegal.com\\\/hu\\\/\",\"name\":\"Andersen Legal in Hungary\",\"description\":\"\",\"potentialAction\":[{\"@type\":\"SearchAction\",\"target\":{\"@type\":\"EntryPoint\",\"urlTemplate\":\"https:\\\/\\\/hu.andersenlegal.com\\\/hu\\\/?s={search_term_string}\"},\"query-input\":{\"@type\":\"PropertyValueSpecification\",\"valueRequired\":true,\"valueName\":\"search_term_string\"}}],\"inLanguage\":\"hu\"}]}<\/script>\n<!-- \/ Yoast SEO Premium plugin. -->","yoast_head_json":{"title":"Glob\u00e1lis jelenl\u00e9t - Andersen Legal in Hungary","robots":{"index":"index","follow":"follow","max-snippet":"max-snippet:-1","max-image-preview":"max-image-preview:large","max-video-preview":"max-video-preview:-1"},"canonical":"https:\/\/hu.andersenlegal.com\/hu\/globalis-jelenlet\/","og_locale":"hu_HU","og_type":"article","og_title":"Glob\u00e1lis jelenl\u00e9t","og_url":"https:\/\/hu.andersenlegal.com\/hu\/globalis-jelenlet\/","og_site_name":"Andersen Legal in Hungary","article_modified_time":"2025-12-01T07:14:10+00:00","og_image":[{"width":2000,"height":325,"url":"https:\/\/hu.andersenlegal.com\/wp-content\/uploads\/2020\/07\/slider-inner-reach.jpg","type":"image\/jpeg"}],"twitter_card":"summary_large_image","twitter_misc":{"Becs\u00fclt olvas\u00e1si id\u0151":"2 perc"},"schema":{"@context":"https:\/\/schema.org","@graph":[{"@type":"WebPage","@id":"https:\/\/hu.andersenlegal.com\/hu\/globalis-jelenlet\/","url":"https:\/\/hu.andersenlegal.com\/hu\/globalis-jelenlet\/","name":"Glob\u00e1lis jelenl\u00e9t - Andersen Legal in Hungary","isPartOf":{"@id":"https:\/\/hu.andersenlegal.com\/hu\/#website"},"primaryImageOfPage":{"@id":"https:\/\/hu.andersenlegal.com\/hu\/globalis-jelenlet\/#primaryimage"},"image":{"@id":"https:\/\/hu.andersenlegal.com\/hu\/globalis-jelenlet\/#primaryimage"},"thumbnailUrl":"https:\/\/hu.andersenlegal.com\/wp-content\/uploads\/2020\/07\/slider-inner-reach.jpg","datePublished":"2020-06-22T09:11:10+00:00","dateModified":"2025-12-01T07:14:10+00:00","breadcrumb":{"@id":"https:\/\/hu.andersenlegal.com\/hu\/globalis-jelenlet\/#breadcrumb"},"inLanguage":"hu","potentialAction":[{"@type":"ReadAction","target":["https:\/\/hu.andersenlegal.com\/hu\/globalis-jelenlet\/"]}]},{"@type":"ImageObject","inLanguage":"hu","@id":"https:\/\/hu.andersenlegal.com\/hu\/globalis-jelenlet\/#primaryimage","url":"https:\/\/hu.andersenlegal.com\/wp-content\/uploads\/2020\/07\/slider-inner-reach.jpg","contentUrl":"https:\/\/hu.andersenlegal.com\/wp-content\/uploads\/2020\/07\/slider-inner-reach.jpg","width":2000,"height":325},{"@type":"BreadcrumbList","@id":"https:\/\/hu.andersenlegal.com\/hu\/globalis-jelenlet\/#breadcrumb","itemListElement":[{"@type":"ListItem","position":1,"name":"Home","item":"https:\/\/hu.andersenlegal.com\/hu\/"},{"@type":"ListItem","position":2,"name":"Glob\u00e1lis jelenl\u00e9t"}]},{"@type":"WebSite","@id":"https:\/\/hu.andersenlegal.com\/hu\/#website","url":"https:\/\/hu.andersenlegal.com\/hu\/","name":"Andersen Legal in Hungary","description":"","potentialAction":[{"@type":"SearchAction","target":{"@type":"EntryPoint","urlTemplate":"https:\/\/hu.andersenlegal.com\/hu\/?s={search_term_string}"},"query-input":{"@type":"PropertyValueSpecification","valueRequired":true,"valueName":"search_term_string"}}],"inLanguage":"hu"}]}},"_links":{"self":[{"href":"https:\/\/hu.andersenlegal.com\/hu\/wp-json\/wp\/v2\/pages\/1707","targetHints":{"allow":["GET"]}}],"collection":[{"href":"https:\/\/hu.andersenlegal.com\/hu\/wp-json\/wp\/v2\/pages"}],"about":[{"href":"https:\/\/hu.andersenlegal.com\/hu\/wp-json\/wp\/v2\/types\/page"}],"author":[{"embeddable":true,"href":"https:\/\/hu.andersenlegal.com\/hu\/wp-json\/wp\/v2\/users\/104"}],"replies":[{"embeddable":true,"href":"https:\/\/hu.andersenlegal.com\/hu\/wp-json\/wp\/v2\/comments?post=1707"}],"version-history":[{"count":5,"href":"https:\/\/hu.andersenlegal.com\/hu\/wp-json\/wp\/v2\/pages\/1707\/revisions"}],"predecessor-version":[{"id":3249,"href":"https:\/\/hu.andersenlegal.com\/hu\/wp-json\/wp\/v2\/pages\/1707\/revisions\/3249"}],"wp:featuredmedia":[{"embeddable":true,"href":"https:\/\/hu.andersenlegal.com\/hu\/wp-json\/wp\/v2\/media\/1945"}],"wp:attachment":[{"href":"https:\/\/hu.andersenlegal.com\/hu\/wp-json\/wp\/v2\/media?parent=1707"}],"curies":[{"name":"wp","href":"https:\/\/api.w.org\/{rel}","templated":true}]}}