{"id":1795,"date":"2020-06-23T09:20:58","date_gmt":"2020-06-23T07:20:58","guid":{"rendered":"https:\/\/hu.andersenlegal.com\/?page_id=1795"},"modified":"2024-09-15T11:50:10","modified_gmt":"2024-09-15T09:50:10","slug":"kezdooldal","status":"publish","type":"page","link":"https:\/\/hu.andersenlegal.com\/hu\/","title":{"rendered":"Kezd\u0151oldal"},"content":{"rendered":"\t\t<section class=\"home-video\">\n\t\t\t<div class=\"row large-collapse medium-collapse small-collapse\">\n\t\t\t\t<div class=\"column\">\n\t\t\t\t\t<iframe loading=\"lazy\" id=\"ytplayer\" type=\"text\/html\" width=\"1170\" height=\"665\" src=\"https:\/\/www.youtube.com\/embed\/JCSorQzFUIQ?autoplay=0&controls=0&modestbranding=1&rel=0\" frameborder=\"0\" allow=\"accelerometer; autoplay; encrypted-media; gyroscope; picture-in-picture\" allowfullscreen><\/iframe>\n\t\t\t\t<\/div>\n\t\t\t<\/div>\n\t\t<\/section>\n\t\t\n\n\n\t\t<section class=\"home-carousel orbit\" data-orbit>\n\t\t\t<div class=\"row large-collapse medium-collapse small-collapse\">\n\t\t\t\t<div class=\"column\">\n\t\t\t\t\t<ul class=\"orbit-container\">\n\t\t\t\t\t\t\t\t\t\t\t\t\t<li class=\"orbit-slide\">\n\t\t\t\t\t\t\t\t\t\t\t\t\t\t\t\t\t<picture class=\"image\">\n\t\t\t\t\t\t\t\t\t\t<img decoding=\"async\" src=\"https:\/\/hu.andersen.com\/wp-content\/uploads\/2026\/04\/Public-CbCR-pCbCR-nyilvanos-orszagonkenti-jelentestetel.jpg\" alt=\"K\u00f6zeleg az els\u0151 pCbCR-jelent\u00e9sek publik\u00e1l\u00e1si hat\u00e1rideje\">\n\t\t\t\t\t\t\t\t\t<\/picture>\n\t\t\t\t\t\t\t\t\t\t\t\t\t\t\t\t<div class=\"detail-text\">\n\t\t\t\t\t\t\t\t\t<h1>K\u00f6zeleg az els\u0151 pCbCR-jelent\u00e9sek publik\u00e1l\u00e1si hat\u00e1rideje<\/h1>\n\t\t\t\t\t\t\t\t\t<p>A pCbCR\u2011jelent\u00e9st a magyar szab\u00e1lyok alapj\u00e1n f\u0151szab\u00e1ly szerint a besz\u00e1mol\u00f3 k\u00f6zz\u00e9t\u00e9tel\u00e9vel egyidej\u0171leg kell publik\u00e1lni.<\/p>\n\t\t\t\t\t\t\t\t\t<a class=\"button cta hollow-light\" href=\"https:\/\/hu.andersen.com\/?p=15266\" target=\"_blank\">Tov\u00e1bb<\/a>\n\t\t\t\t\t\t\t\t<\/div>\n\t\t\t\t\t\t\t<\/li>\n\t\t\t\t\t\t\t\t\t\t\t\t\t<li class=\"orbit-slide\">\n\t\t\t\t\t\t\t\t\t\t\t\t\t\t\t\t\t<picture class=\"image\">\n\t\t\t\t\t\t\t\t\t\t<img decoding=\"async\" src=\"https:\/\/hu.andersen.com\/wp-content\/uploads\/2025\/03\/legal-500-2025-ranking-szkt-andersen.jpg\" alt=\"LEGAL 500 2026 \u2013 Ism\u00e9t el\u0151kel\u0151 poz\u00edci\u00f3kban jog\u00e1szaink\">\n\t\t\t\t\t\t\t\t\t<\/picture>\n\t\t\t\t\t\t\t\t\t\t\t\t\t\t\t\t<div class=\"detail-text\">\n\t\t\t\t\t\t\t\t\t<h1>LEGAL 500 2026 \u2013 Ism\u00e9t el\u0151kel\u0151 poz\u00edci\u00f3kban jog\u00e1szaink<\/h1>\n\t\t\t\t\t\t\t\t\t<p>Az egyik legismertebb \u00e9s legnagyobb preszt\u00edzzsel b\u00edr\u00f3 f\u00fcggetlen jogi rangsorol\u00e1sban a Szab\u00f3, Kelemen \u00e9s T\u00e1rsai Andersen \u00dcgyv\u00e9di Iroda \u00f6sszesen 7&hellip;<\/p>\n\t\t\t\t\t\t\t\t\t<a class=\"button cta hollow-light\" href=\"https:\/\/hu.andersen.com\/?p=15250\" target=\"_blank\">Tov\u00e1bb<\/a>\n\t\t\t\t\t\t\t\t<\/div>\n\t\t\t\t\t\t\t<\/li>\n\t\t\t\t\t\t\t\t\t\t\t\t\t<li class=\"orbit-slide\">\n\t\t\t\t\t\t\t\t\t\t\t\t\t\t\t\t\t<picture class=\"image\">\n\t\t\t\t\t\t\t\t\t\t<img decoding=\"async\" src=\"https:\/\/hu.andersen.com\/wp-content\/uploads\/2026\/03\/Bizalmi-vagonkezelesbol-torteno-kifizetesek-fokuszban-a-kolcsonok.jpg\" alt=\"Bizalmi vagyonkezel\u00e9sb\u0151l t\u00f6rt\u00e9n\u0151 kifizet\u00e9sek: f\u00f3kuszban a k\u00f6lcs\u00f6n\u00f6k\">\n\t\t\t\t\t\t\t\t\t<\/picture>\n\t\t\t\t\t\t\t\t\t\t\t\t\t\t\t\t<div class=\"detail-text\">\n\t\t\t\t\t\t\t\t\t<h1>Bizalmi vagyonkezel\u00e9sb\u0151l t\u00f6rt\u00e9n\u0151 kifizet\u00e9sek: f\u00f3kuszban a k\u00f6lcs\u00f6n\u00f6k<\/h1>\n\t\t\t\t\t\t\t\t\t<p>A BVK keret\u00e9ben t\u00f6rt\u00e9n\u0151 kifizet\u00e9sek sor\u00e1n a kedvezm\u00e9nyezettek a hozamok \u00e9s az indul\u00f3 t\u0151ke mellett k\u00f6lcs\u00f6n form\u00e1j\u00e1ban is vagyonhoz jutnak.<\/p>\n\t\t\t\t\t\t\t\t\t<a class=\"button cta hollow-light\" href=\"https:\/\/hu.andersen.com\/?p=15230\" target=\"_blank\">Tov\u00e1bb<\/a>\n\t\t\t\t\t\t\t\t<\/div>\n\t\t\t\t\t\t\t<\/li>\n\t\t\t\t\t\t\t\t\t\t\t<\/ul>\n\t\t\t\t\t<nav class=\"orbit-bullets\">\n\t\t\t\t\t\t\t\t\t\t\t\t\t\t\t\t\t\t\t\t\t\t\t\t\t\t\t<button class=\"is-active\" data-slide=\"0\"><span class=\"show-for-sr\"><\/span><\/button>\n\t\t\t\t\t\t\t\t\t\t\t\t\t\t\t\t\t\t\t\t\t\t\t\t\t\t\t\t\t\t\t\t\t\t\t<button data-slide=\"1\"><span class=\"show-for-sr\"><\/span><\/button>\n\t\t\t\t\t\t\t\t\t\t\t\t\t\t\t\t\t\t\t\t\t\t\t\t\t\t\t\t\t\t\t\t\t\t\t<button data-slide=\"2\"><span class=\"show-for-sr\"><\/span><\/button>\n\t\t\t\t\t\t\t\t\t\t\t\t\t\t\t\t\t\t\t\t\t\t\t\t\t<\/nav>\n\t\t\t\t<\/div>\n\t\t\t<\/div>\n\t\t<\/section>\n\t\n\n\n\t\t\t<section class=\"news-items-horizontal andersen-loop-fix\">\n\t\t\t\t<ul class=\"row\">\n\t\t\t\t\t\t\t\t\t\t\t<li class=\"column large-3 medium-6 small-12\">\n\t\t\t\t\t\t\t\t\t\t\t\t\t\t\t<a href=\"https:\/\/hu.andersen.com\/?p=15266\" target=\"_blank\">\n\t\t\t\t\t\t\t\t\t<img decoding=\"async\" src=\"https:\/\/hu.andersen.com\/wp-content\/uploads\/2026\/04\/Public-CbCR-pCbCR-nyilvanos-orszagonkenti-jelentestetel.jpg\" alt=\"\">\n\t\t\t\t\t\t\t\t<\/a>\n\t\t\t\t\t\t\t\t\t\t\t\t\t\t<h3 class=\"title\">K\u00f6zeleg az els\u0151 pCbCR-jelent\u00e9sek publik\u00e1l\u00e1si hat\u00e1rideje<\/h3>\n\t\t\t\t\t\t\t<p>A pCbCR\u2011jelent\u00e9st a magyar szab\u00e1lyok alapj\u00e1n f\u0151szab\u00e1ly szerint a besz\u00e1mol\u00f3 k\u00f6zz\u00e9t\u00e9tel\u00e9vel egyidej\u0171leg kell publik\u00e1lni.<\/p>\n\t\t\t\t\t\t\t<a href=\"https:\/\/hu.andersen.com\/?p=15266\" class=\"button cta hollow-dark\" target=\"_blank\">Tov\u00e1bb<\/a>\n\t\t\t\t\t\t<\/li>\n\t\t\t\t\t\t\t\t\t\t\t<li class=\"column large-3 medium-6 small-12\">\n\t\t\t\t\t\t\t\t\t\t\t\t\t\t\t<a href=\"https:\/\/hu.andersen.com\/?p=15250\" target=\"_blank\">\n\t\t\t\t\t\t\t\t\t<img decoding=\"async\" src=\"https:\/\/hu.andersen.com\/wp-content\/uploads\/2025\/03\/legal-500-2025-ranking-szkt-andersen.jpg\" alt=\"\">\n\t\t\t\t\t\t\t\t<\/a>\n\t\t\t\t\t\t\t\t\t\t\t\t\t\t<h3 class=\"title\">LEGAL 500 2026 \u2013 Ism\u00e9t el\u0151kel\u0151 poz\u00edci\u00f3kban jog\u00e1szaink<\/h3>\n\t\t\t\t\t\t\t<p>Az egyik legismertebb \u00e9s legnagyobb preszt\u00edzzsel b\u00edr\u00f3 f\u00fcggetlen jogi rangsorol\u00e1sban a Szab\u00f3, Kelemen \u00e9s T\u00e1rsai Andersen \u00dcgyv\u00e9di Iroda \u00f6sszesen 7&hellip;<\/p>\n\t\t\t\t\t\t\t<a href=\"https:\/\/hu.andersen.com\/?p=15250\" class=\"button cta hollow-dark\" target=\"_blank\">Tov\u00e1bb<\/a>\n\t\t\t\t\t\t<\/li>\n\t\t\t\t\t\t\t\t\t\t\t<li class=\"column large-3 medium-6 small-12\">\n\t\t\t\t\t\t\t\t\t\t\t\t\t\t\t<a href=\"https:\/\/hu.andersen.com\/?p=15230\" target=\"_blank\">\n\t\t\t\t\t\t\t\t\t<img decoding=\"async\" src=\"https:\/\/hu.andersen.com\/wp-content\/uploads\/2026\/03\/Bizalmi-vagonkezelesbol-torteno-kifizetesek-fokuszban-a-kolcsonok.jpg\" alt=\"\">\n\t\t\t\t\t\t\t\t<\/a>\n\t\t\t\t\t\t\t\t\t\t\t\t\t\t<h3 class=\"title\">Bizalmi vagyonkezel\u00e9sb\u0151l t\u00f6rt\u00e9n\u0151 kifizet\u00e9sek: f\u00f3kuszban a k\u00f6lcs\u00f6n\u00f6k<\/h3>\n\t\t\t\t\t\t\t<p>A BVK keret\u00e9ben t\u00f6rt\u00e9n\u0151 kifizet\u00e9sek sor\u00e1n a kedvezm\u00e9nyezettek a hozamok \u00e9s az indul\u00f3 t\u0151ke mellett k\u00f6lcs\u00f6n form\u00e1j\u00e1ban is vagyonhoz jutnak.<\/p>\n\t\t\t\t\t\t\t<a href=\"https:\/\/hu.andersen.com\/?p=15230\" class=\"button cta hollow-dark\" target=\"_blank\">Tov\u00e1bb<\/a>\n\t\t\t\t\t\t<\/li>\n\t\t\t\t\t\t\t\t\t\t\t<li class=\"column large-3 medium-6 small-12\">\n\t\t\t\t\t\t\t\t\t\t\t\t\t\t\t<a href=\"https:\/\/hu.andersen.com\/?p=15224\" target=\"_blank\">\n\t\t\t\t\t\t\t\t\t<img decoding=\"async\" src=\"https:\/\/hu.andersen.com\/wp-content\/uploads\/2026\/03\/SZKT-ANDERSEN-CHAMBERS-EUROPE-2026-HONLAP-BANNER.jpg\" alt=\"\">\n\t\t\t\t\t\t\t\t<\/a>\n\t\t\t\t\t\t\t\t\t\t\t\t\t\t<h3 class=\"title\">A Szab\u00f3, Kelemen \u00e9s T\u00e1rsai Andersen \u00dcgyv\u00e9di Iroda a Chambers Europe 2026 rangsoroltjai k\u00f6z\u00f6tt<\/h3>\n\t\t\t\t\t\t\t<p>\u00dcgyv\u00e9di irod\u00e1nk a Munkajog \u00e9s a T\u00e1rsas\u00e1gi jog \/ M&amp;A kateg\u00f3ri\u00e1kban r\u00e9szes\u00fclt elismer\u00e9sben.<\/p>\n\t\t\t\t\t\t\t<a href=\"https:\/\/hu.andersen.com\/?p=15224\" class=\"button cta hollow-dark\" target=\"_blank\">Tov\u00e1bb<\/a>\n\t\t\t\t\t\t<\/li>\n\t\t\t\t\t\t\t\t\t<\/ul>\n\t\t\t<\/section>\n\t\t\n\n\n<section class=\"callout\" style=\"background-image: url(\/wp-content\/uploads\/2020\/05\/01-home-page-1.jpg);\"><p>Andersen Legal az Andersen Global magyarorsz\u00e1gi tagja. Az Andersen Global ad\u00f3-\u00e9s jogi szak\u00e9rt\u0151 munkat\u00e1rsakat foglalkoztat\u00f3 tagirod\u00e1k nemzetk\u00f6zi h\u00e1l\u00f3zata.<\/p><\/section>\n","protected":false},"excerpt":{"rendered":"<\/p>\n","protected":false},"author":104,"featured_media":0,"parent":0,"menu_order":0,"comment_status":"closed","ping_status":"closed","template":"templates\/page_home.php","meta":{"_acf_changed":false,"_genesis_hide_title":false,"_genesis_hide_breadcrumbs":false,"_genesis_hide_singular_image":false,"_genesis_hide_footer_widgets":false,"_genesis_custom_body_class":"","_genesis_custom_post_class":"","_genesis_layout":"","footnotes":""},"class_list":{"0":"post-1795","1":"page","2":"type-page","3":"status-publish","5":"entry"},"acf":[],"featured_image_src":null,"yoast_head":"<!-- This site is optimized with the Yoast SEO Premium plugin v27.2 (Yoast SEO v27.2) - https:\/\/yoast.com\/product\/yoast-seo-premium-wordpress\/ -->\n<title>Andersen Legal in Hungary<\/title>\n<meta name=\"robots\" content=\"index, follow, max-snippet:-1, max-image-preview:large, max-video-preview:-1\" \/>\n<link rel=\"canonical\" href=\"https:\/\/hu.andersenlegal.com\/hu\/\" \/>\n<meta property=\"og:locale\" content=\"hu_HU\" \/>\n<meta property=\"og:type\" content=\"article\" \/>\n<meta property=\"og:title\" content=\"Kezd\u0151oldal\" \/>\n<meta property=\"og:url\" content=\"https:\/\/hu.andersenlegal.com\/hu\/\" \/>\n<meta property=\"og:site_name\" content=\"Andersen Legal in Hungary\" \/>\n<meta property=\"article:modified_time\" content=\"2024-09-15T09:50:10+00:00\" \/>\n<meta name=\"twitter:card\" content=\"summary_large_image\" \/>\n<meta name=\"twitter:label1\" content=\"Becs\u00fclt olvas\u00e1si id\u0151\" \/>\n\t<meta name=\"twitter:data1\" content=\"1 perc\" \/>\n<script type=\"application\/ld+json\" class=\"yoast-schema-graph\">{\"@context\":\"https:\/\/schema.org\",\"@graph\":[{\"@type\":\"WebPage\",\"@id\":\"https:\/\/hu.andersenlegal.com\/hu\/\",\"url\":\"https:\/\/hu.andersenlegal.com\/hu\/\",\"name\":\"Andersen Legal in Hungary\",\"isPartOf\":{\"@id\":\"https:\/\/hu.andersenlegal.com\/hu\/#website\"},\"datePublished\":\"2020-06-23T07:20:58+00:00\",\"dateModified\":\"2024-09-15T09:50:10+00:00\",\"breadcrumb\":{\"@id\":\"https:\/\/hu.andersenlegal.com\/hu\/#breadcrumb\"},\"inLanguage\":\"hu\",\"potentialAction\":[{\"@type\":\"ReadAction\",\"target\":[\"https:\/\/hu.andersenlegal.com\/hu\/\"]}]},{\"@type\":\"BreadcrumbList\",\"@id\":\"https:\/\/hu.andersenlegal.com\/hu\/#breadcrumb\",\"itemListElement\":[{\"@type\":\"ListItem\",\"position\":1,\"name\":\"Home\",\"item\":\"https:\/\/hu.andersenlegal.com\/hu\/\"},{\"@type\":\"ListItem\",\"position\":2,\"name\":\"Kezd\u0151oldal\"}]},{\"@type\":\"WebSite\",\"@id\":\"https:\/\/hu.andersenlegal.com\/hu\/#website\",\"url\":\"https:\/\/hu.andersenlegal.com\/hu\/\",\"name\":\"Andersen Legal in Hungary\",\"description\":\"\",\"potentialAction\":[{\"@type\":\"SearchAction\",\"target\":{\"@type\":\"EntryPoint\",\"urlTemplate\":\"https:\/\/hu.andersenlegal.com\/hu\/?s={search_term_string}\"},\"query-input\":{\"@type\":\"PropertyValueSpecification\",\"valueRequired\":true,\"valueName\":\"search_term_string\"}}],\"inLanguage\":\"hu\"}]}<\/script>\n<!-- \/ Yoast SEO Premium plugin. -->","yoast_head_json":{"title":"Andersen Legal in Hungary","robots":{"index":"index","follow":"follow","max-snippet":"max-snippet:-1","max-image-preview":"max-image-preview:large","max-video-preview":"max-video-preview:-1"},"canonical":"https:\/\/hu.andersenlegal.com\/hu\/","og_locale":"hu_HU","og_type":"article","og_title":"Kezd\u0151oldal","og_url":"https:\/\/hu.andersenlegal.com\/hu\/","og_site_name":"Andersen Legal in Hungary","article_modified_time":"2024-09-15T09:50:10+00:00","twitter_card":"summary_large_image","twitter_misc":{"Becs\u00fclt olvas\u00e1si id\u0151":"1 perc"},"schema":{"@context":"https:\/\/schema.org","@graph":[{"@type":"WebPage","@id":"https:\/\/hu.andersenlegal.com\/hu\/","url":"https:\/\/hu.andersenlegal.com\/hu\/","name":"Andersen Legal in Hungary","isPartOf":{"@id":"https:\/\/hu.andersenlegal.com\/hu\/#website"},"datePublished":"2020-06-23T07:20:58+00:00","dateModified":"2024-09-15T09:50:10+00:00","breadcrumb":{"@id":"https:\/\/hu.andersenlegal.com\/hu\/#breadcrumb"},"inLanguage":"hu","potentialAction":[{"@type":"ReadAction","target":["https:\/\/hu.andersenlegal.com\/hu\/"]}]},{"@type":"BreadcrumbList","@id":"https:\/\/hu.andersenlegal.com\/hu\/#breadcrumb","itemListElement":[{"@type":"ListItem","position":1,"name":"Home","item":"https:\/\/hu.andersenlegal.com\/hu\/"},{"@type":"ListItem","position":2,"name":"Kezd\u0151oldal"}]},{"@type":"WebSite","@id":"https:\/\/hu.andersenlegal.com\/hu\/#website","url":"https:\/\/hu.andersenlegal.com\/hu\/","name":"Andersen Legal in Hungary","description":"","potentialAction":[{"@type":"SearchAction","target":{"@type":"EntryPoint","urlTemplate":"https:\/\/hu.andersenlegal.com\/hu\/?s={search_term_string}"},"query-input":{"@type":"PropertyValueSpecification","valueRequired":true,"valueName":"search_term_string"}}],"inLanguage":"hu"}]}},"_links":{"self":[{"href":"https:\/\/hu.andersenlegal.com\/hu\/wp-json\/wp\/v2\/pages\/1795","targetHints":{"allow":["GET"]}}],"collection":[{"href":"https:\/\/hu.andersenlegal.com\/hu\/wp-json\/wp\/v2\/pages"}],"about":[{"href":"https:\/\/hu.andersenlegal.com\/hu\/wp-json\/wp\/v2\/types\/page"}],"author":[{"embeddable":true,"href":"https:\/\/hu.andersenlegal.com\/hu\/wp-json\/wp\/v2\/users\/104"}],"replies":[{"embeddable":true,"href":"https:\/\/hu.andersenlegal.com\/hu\/wp-json\/wp\/v2\/comments?post=1795"}],"version-history":[{"count":2,"href":"https:\/\/hu.andersenlegal.com\/hu\/wp-json\/wp\/v2\/pages\/1795\/revisions"}],"predecessor-version":[{"id":3037,"href":"https:\/\/hu.andersenlegal.com\/hu\/wp-json\/wp\/v2\/pages\/1795\/revisions\/3037"}],"wp:attachment":[{"href":"https:\/\/hu.andersenlegal.com\/hu\/wp-json\/wp\/v2\/media?parent=1795"}],"curies":[{"name":"wp","href":"https:\/\/api.w.org\/{rel}","templated":true}]}}