{"id":1804,"date":"2020-06-23T09:54:13","date_gmt":"2020-06-23T07:54:13","guid":{"rendered":"https:\/\/hu.andersenlegal.com\/?page_id=1804"},"modified":"2020-06-23T09:54:14","modified_gmt":"2020-06-23T07:54:14","slug":"impresszum","status":"publish","type":"page","link":"https:\/\/hu.andersenlegal.com\/hu\/impresszum\/","title":{"rendered":"Impresszum"},"content":{"rendered":"\n<h2 class=\"wp-block-heading\">Andersen Ad\u00f3tan\u00e1csad\u00f3 Zrt.<\/h2>\n\n\n\n<p><strong>Telefon:<\/strong> +36 1 920 6800<\/p>\n\n\n\n<p><strong>E-mail:<\/strong><a href=\"mailto:info@hu.Andersen.com\"> <\/a><a href=\"mailto:info@hu.Andersen.com\">info@hu.Andersen.com<\/a><\/p>\n\n\n\n<p><strong>Ad\u00f3sz\u00e1m:<\/strong> 24177207-2-43<\/p>\n\n\n\n<p><strong>A c\u00e9get bejegyz\u0151 hat\u00f3s\u00e1g<\/strong>: F\u0151v\u00e1rosi T\u00f6rv\u00e9nysz\u00e9k C\u00e9gb\u00edr\u00f3s\u00e1ga (1051 Budapest, N\u00e1dor utca 28.)<\/p>\n\n\n\n<p><strong>Honlap t\u00e1rhely\u00e9t biztos\u00edt\u00f3 szolg\u00e1ltat\u00f3:<\/strong> WP Engine<\/p>\n\n\n\n<p><strong>T\u00e1rhelyszolg\u00e1ltat\u00f3 c\u00edme:<\/strong> Irongate House, 22-30 Duke\u2019s Place London, EC3A 7LP United Kingdom<\/p>\n\n\n\n<p><strong>T\u00e1rhelyszolg\u00e1ltat\u00f3 e-mail c\u00edme:<\/strong>\u00a0<a href=\"mailto:info@wpengine.com\">info@wpengine.com<\/a><\/p>\n\n\n\n<p><strong>C\u00edm:<\/strong> 1124 Budapest, Cs\u00f6rsz utca 43.<\/p>\n\n\n\n<h2 class=\"wp-block-heading\">Szab\u00f3, Kelemen \u00e9s T\u00e1rsai Andersen \u00dcgyv\u00e9di Iroda<\/h2>\n\n\n\n<p><strong>C\u00edm:<\/strong> 1024 Budapest, L\u00f6v\u0151h\u00e1z utca 39.<\/p>\n\n\n\n<p><strong>Telefon:<\/strong> +36 1 288 8200<\/p>\n\n\n\n<p><strong>E-mail:<\/strong><a href=\"mailto:info@hu.AndersenLegal.com\"> <\/a><a href=\"mailto:info@hu.AndersenLegal.com\">info@hu.AndersenLegal.com<\/a><\/p>\n\n\n\n<p><strong>Ad\u00f3sz\u00e1m:<\/strong> 12184206-2-41<\/p>\n\n\n\n<p><strong>A c\u00e9get bejegyz\u0151 hat\u00f3s\u00e1g<\/strong>:<\/p>\n\n\n\n<p><strong>Honlap t\u00e1rhely\u00e9t biztos\u00edt\u00f3 szolg\u00e1ltat\u00f3:<\/strong> WP Engine<\/p>\n\n\n\n<p><strong>T\u00e1rhelyszolg\u00e1ltat\u00f3 c\u00edme:<\/strong> Irongate House, 22-30 Duke\u2019s Place London, EC3A 7LP United Kingdom<\/p>\n\n\n\n<p><strong>T\u00e1rhelyszolg\u00e1ltat\u00f3 e-mail c\u00edme:<\/strong>\u00a0<a href=\"mailto:info@wpengine.com\">info@wpengine.com<\/a><\/p>\n","protected":false},"excerpt":{"rendered":"<\/p>\n","protected":false},"author":104,"featured_media":0,"parent":0,"menu_order":0,"comment_status":"closed","ping_status":"closed","template":"","meta":{"_acf_changed":false,"_genesis_hide_title":false,"_genesis_hide_breadcrumbs":false,"_genesis_hide_singular_image":false,"_genesis_hide_footer_widgets":false,"_genesis_custom_body_class":"","_genesis_custom_post_class":"","_genesis_layout":"","footnotes":""},"class_list":{"0":"post-1804","1":"page","2":"type-page","3":"status-publish","5":"entry"},"acf":[],"featured_image_src":null,"yoast_head":"<!-- This site is optimized with the Yoast SEO Premium plugin v27.4 (Yoast SEO v27.4) - https:\/\/yoast.com\/product\/yoast-seo-premium-wordpress\/ -->\n<title>Impresszum - Andersen Legal in Hungary<\/title>\n<meta name=\"robots\" content=\"index, follow, max-snippet:-1, max-image-preview:large, max-video-preview:-1\" \/>\n<link rel=\"canonical\" href=\"https:\/\/hu.andersenlegal.com\/impressum\/\" \/>\n<meta property=\"og:locale\" content=\"hu_HU\" \/>\n<meta property=\"og:type\" content=\"article\" \/>\n<meta property=\"og:title\" content=\"Impresszum\" \/>\n<meta property=\"og:url\" content=\"https:\/\/hu.andersenlegal.com\/impressum\/\" \/>\n<meta property=\"og:site_name\" content=\"Andersen Legal in Hungary\" \/>\n<meta property=\"article:modified_time\" content=\"2020-06-23T07:54:14+00:00\" \/>\n<meta name=\"twitter:card\" content=\"summary_large_image\" \/>\n<meta name=\"twitter:label1\" content=\"Becs\u00fclt olvas\u00e1si id\u0151\" \/>\n\t<meta name=\"twitter:data1\" content=\"1 perc\" \/>\n<script type=\"application\/ld+json\" class=\"yoast-schema-graph\">{\"@context\":\"https:\\\/\\\/schema.org\",\"@graph\":[{\"@type\":\"WebPage\",\"@id\":\"https:\\\/\\\/hu.andersenlegal.com\\\/impressum\\\/\",\"url\":\"https:\\\/\\\/hu.andersenlegal.com\\\/impressum\\\/\",\"name\":\"Impresszum - Andersen Legal in Hungary\",\"isPartOf\":{\"@id\":\"https:\\\/\\\/hu.andersenlegal.com\\\/hu\\\/#website\"},\"datePublished\":\"2020-06-23T07:54:13+00:00\",\"dateModified\":\"2020-06-23T07:54:14+00:00\",\"breadcrumb\":{\"@id\":\"https:\\\/\\\/hu.andersenlegal.com\\\/impressum\\\/#breadcrumb\"},\"inLanguage\":\"hu\",\"potentialAction\":[{\"@type\":\"ReadAction\",\"target\":[\"https:\\\/\\\/hu.andersenlegal.com\\\/impressum\\\/\"]}]},{\"@type\":\"BreadcrumbList\",\"@id\":\"https:\\\/\\\/hu.andersenlegal.com\\\/impressum\\\/#breadcrumb\",\"itemListElement\":[{\"@type\":\"ListItem\",\"position\":1,\"name\":\"Home\",\"item\":\"https:\\\/\\\/hu.andersenlegal.com\\\/hu\\\/\"},{\"@type\":\"ListItem\",\"position\":2,\"name\":\"Impresszum\"}]},{\"@type\":\"WebSite\",\"@id\":\"https:\\\/\\\/hu.andersenlegal.com\\\/hu\\\/#website\",\"url\":\"https:\\\/\\\/hu.andersenlegal.com\\\/hu\\\/\",\"name\":\"Andersen Legal in Hungary\",\"description\":\"\",\"potentialAction\":[{\"@type\":\"SearchAction\",\"target\":{\"@type\":\"EntryPoint\",\"urlTemplate\":\"https:\\\/\\\/hu.andersenlegal.com\\\/hu\\\/?s={search_term_string}\"},\"query-input\":{\"@type\":\"PropertyValueSpecification\",\"valueRequired\":true,\"valueName\":\"search_term_string\"}}],\"inLanguage\":\"hu\"}]}<\/script>\n<!-- \/ Yoast SEO Premium plugin. -->","yoast_head_json":{"title":"Impresszum - Andersen Legal in Hungary","robots":{"index":"index","follow":"follow","max-snippet":"max-snippet:-1","max-image-preview":"max-image-preview:large","max-video-preview":"max-video-preview:-1"},"canonical":"https:\/\/hu.andersenlegal.com\/impressum\/","og_locale":"hu_HU","og_type":"article","og_title":"Impresszum","og_url":"https:\/\/hu.andersenlegal.com\/impressum\/","og_site_name":"Andersen Legal in Hungary","article_modified_time":"2020-06-23T07:54:14+00:00","twitter_card":"summary_large_image","twitter_misc":{"Becs\u00fclt olvas\u00e1si id\u0151":"1 perc"},"schema":{"@context":"https:\/\/schema.org","@graph":[{"@type":"WebPage","@id":"https:\/\/hu.andersenlegal.com\/impressum\/","url":"https:\/\/hu.andersenlegal.com\/impressum\/","name":"Impresszum - Andersen Legal in Hungary","isPartOf":{"@id":"https:\/\/hu.andersenlegal.com\/hu\/#website"},"datePublished":"2020-06-23T07:54:13+00:00","dateModified":"2020-06-23T07:54:14+00:00","breadcrumb":{"@id":"https:\/\/hu.andersenlegal.com\/impressum\/#breadcrumb"},"inLanguage":"hu","potentialAction":[{"@type":"ReadAction","target":["https:\/\/hu.andersenlegal.com\/impressum\/"]}]},{"@type":"BreadcrumbList","@id":"https:\/\/hu.andersenlegal.com\/impressum\/#breadcrumb","itemListElement":[{"@type":"ListItem","position":1,"name":"Home","item":"https:\/\/hu.andersenlegal.com\/hu\/"},{"@type":"ListItem","position":2,"name":"Impresszum"}]},{"@type":"WebSite","@id":"https:\/\/hu.andersenlegal.com\/hu\/#website","url":"https:\/\/hu.andersenlegal.com\/hu\/","name":"Andersen Legal in Hungary","description":"","potentialAction":[{"@type":"SearchAction","target":{"@type":"EntryPoint","urlTemplate":"https:\/\/hu.andersenlegal.com\/hu\/?s={search_term_string}"},"query-input":{"@type":"PropertyValueSpecification","valueRequired":true,"valueName":"search_term_string"}}],"inLanguage":"hu"}]}},"_links":{"self":[{"href":"https:\/\/hu.andersenlegal.com\/hu\/wp-json\/wp\/v2\/pages\/1804","targetHints":{"allow":["GET"]}}],"collection":[{"href":"https:\/\/hu.andersenlegal.com\/hu\/wp-json\/wp\/v2\/pages"}],"about":[{"href":"https:\/\/hu.andersenlegal.com\/hu\/wp-json\/wp\/v2\/types\/page"}],"author":[{"embeddable":true,"href":"https:\/\/hu.andersenlegal.com\/hu\/wp-json\/wp\/v2\/users\/104"}],"replies":[{"embeddable":true,"href":"https:\/\/hu.andersenlegal.com\/hu\/wp-json\/wp\/v2\/comments?post=1804"}],"version-history":[{"count":0,"href":"https:\/\/hu.andersenlegal.com\/hu\/wp-json\/wp\/v2\/pages\/1804\/revisions"}],"wp:attachment":[{"href":"https:\/\/hu.andersenlegal.com\/hu\/wp-json\/wp\/v2\/media?parent=1804"}],"curies":[{"name":"wp","href":"https:\/\/api.w.org\/{rel}","templated":true}]}}